{"id":2825,"date":"2025-12-23T11:02:02","date_gmt":"2025-12-23T11:02:02","guid":{"rendered":"https:\/\/arden.northlanedigital.se\/?page_id=2825"},"modified":"2026-02-24T08:47:16","modified_gmt":"2026-02-24T08:47:16","slug":"privacy-policy","status":"publish","type":"page","link":"https:\/\/arden.northlanedigital.se\/sv\/privacy-policy\/","title":{"rendered":"Integritetspolicy"},"content":{"rendered":"<div data-elementor-type=\"wp-page\" data-elementor-id=\"2825\" class=\"elementor elementor-2825\">\n\t\t\t\t<div class=\"elementor-element elementor-element-4e6b6f6 e-con-full e-flex e-con e-parent\" data-id=\"4e6b6f6\" data-element_type=\"container\" data-e-type=\"container\" data-settings=\"{&quot;background_background&quot;:&quot;classic&quot;}\">\n\t\t<div class=\"elementor-element elementor-element-f6a3bac e-flex e-con-boxed e-con e-child\" data-id=\"f6a3bac\" data-element_type=\"container\" data-e-type=\"container\">\n\t\t\t\t\t<div class=\"e-con-inner\">\n\t\t\t\t<div class=\"elementor-element elementor-element-61e9dbb elementor-widget elementor-widget-heading\" data-id=\"61e9dbb\" data-element_type=\"widget\" data-e-type=\"widget\" data-widget_type=\"heading.default\">\n\t\t\t\t\t<h1 class=\"elementor-heading-title elementor-size-default\">Integritetspolicy<\/h1>\t\t\t\t<\/div>\n\t\t\t\t<div class=\"elementor-element elementor-element-121253e elementor-widget__width-initial elementor-widget elementor-widget-text-editor\" data-id=\"121253e\" data-element_type=\"widget\" data-e-type=\"widget\" data-widget_type=\"text-editor.default\">\n\t\t\t\t\t\t\t\t\t<p data-start=\"213\" data-end=\"244\"><strong data-start=\"213\" data-end=\"230\">Senast uppdaterad:<\/strong> 21-01-2026<\/p><p data-start=\"246\" data-end=\"391\">Denna integritetspolicy beskriver hur personuppgifter behandlas p\u00e5 denna webbplats i enlighet med EU:s dataskyddsf\u00f6rordning (GDPR).<\/p>\t\t\t\t\t\t\t\t<\/div>\n\t\t\t\t<div class=\"elementor-element elementor-element-f9383ed elementor-widget__width-initial elementor-widget elementor-widget-text-editor\" data-id=\"f9383ed\" data-element_type=\"widget\" data-e-type=\"widget\" data-widget_type=\"text-editor.default\">\n\t\t\t\t\t\t\t\t\t<p><strong>This website is a demo version created for portfolio purposes to demonstrate design and functionality. No real services are offered and information submitted via forms or bookings are not treated as real customer cases.<\/strong><\/p>\t\t\t\t\t\t\t\t<\/div>\n\t\t\t\t<div class=\"elementor-element elementor-element-b825eb6 elementor-widget__width-initial elementor-widget elementor-widget-heading\" data-id=\"b825eb6\" data-element_type=\"widget\" data-e-type=\"widget\" data-widget_type=\"heading.default\">\n\t\t\t\t\t<h2 class=\"elementor-heading-title elementor-size-default\">1. Personuppgiftsansvarig<\/h2>\t\t\t\t<\/div>\n\t\t\t\t<div class=\"elementor-element elementor-element-2ea9308 elementor-widget__width-initial elementor-widget elementor-widget-text-editor\" data-id=\"2ea9308\" data-element_type=\"widget\" data-e-type=\"widget\" data-widget_type=\"text-editor.default\">\n\t\t\t\t\t\t\t\t\t<p>Denna webbplats drivs av:<br data-start=\"439\" data-end=\"442\" \/><strong data-start=\"442\" data-end=\"468\">F\u00f6retag: Arden Salon<\/strong><br data-start=\"468\" data-end=\"471\" \/><strong data-start=\"471\" data-end=\"483\">Country:<\/strong> Sweden<br data-start=\"490\" data-end=\"493\" \/><strong data-start=\"493\" data-end=\"503\">E-post: <\/strong>privacy@northlanedigital.se<\/p>\t\t\t\t\t\t\t\t<\/div>\n\t\t\t\t<div class=\"elementor-element elementor-element-df03626 elementor-widget__width-initial elementor-widget elementor-widget-heading\" data-id=\"df03626\" data-element_type=\"widget\" data-e-type=\"widget\" data-widget_type=\"heading.default\">\n\t\t\t\t\t<h2 class=\"elementor-heading-title elementor-size-default\">2. Personuppgifter som behandlas<\/h2>\t\t\t\t<\/div>\n\t\t\t\t<div class=\"elementor-element elementor-element-e0a2a22 elementor-widget__width-initial elementor-widget elementor-widget-text-editor\" data-id=\"e0a2a22\" data-element_type=\"widget\" data-e-type=\"widget\" data-widget_type=\"text-editor.default\">\n\t\t\t\t\t\t\t\t\t<p data-start=\"557\" data-end=\"645\">Vi samlar inte aktivt in personuppgifter via formul\u00e4r eller anv\u00e4ndarkonton p\u00e5 denna webbplats.<\/p><p data-start=\"647\" data-end=\"709\">Webbplatsen kan dock behandla viss begr\u00e4nsad teknisk information, s\u00e5som:<\/p>\t\t\t\t\t\t\t\t<\/div>\n\t\t\t\t<div class=\"elementor-element elementor-element-925cff7 elementor-widget__width-initial elementor-widget elementor-widget-text-editor\" data-id=\"925cff7\" data-element_type=\"widget\" data-e-type=\"widget\" data-widget_type=\"text-editor.default\">\n\t\t\t\t\t\t\t\t\t<ul data-start=\"710\" data-end=\"799\"><li data-start=\"710\" data-end=\"750\"><p data-start=\"712\" data-end=\"750\">IP-adress (anonymiserad d\u00e4r det \u00e4r m\u00f6jligt)<\/p><\/li><li data-start=\"751\" data-end=\"783\"><p data-start=\"753\" data-end=\"783\">Information om webbl\u00e4sare och enhet<\/p><\/li><li data-start=\"784\" data-end=\"799\"><p data-start=\"786\" data-end=\"799\">Bes\u00f6kta sidor<\/p><\/li><\/ul>\t\t\t\t\t\t\t\t<\/div>\n\t\t\t\t<div class=\"elementor-element elementor-element-a09e8e5 elementor-widget__width-initial elementor-widget elementor-widget-text-editor\" data-id=\"a09e8e5\" data-element_type=\"widget\" data-e-type=\"widget\" data-widget_type=\"text-editor.default\">\n\t\t\t\t\t\t\t\t\t<p class=\"translation-block\">Denna information anv\u00e4nds enbart f\u00f6r tekniska och funktionella \u00e4ndam\u00e5l.<\/p>\t\t\t\t\t\t\t\t<\/div>\n\t\t\t\t<div class=\"elementor-element elementor-element-52b128a elementor-widget__width-initial elementor-widget elementor-widget-heading\" data-id=\"52b128a\" data-element_type=\"widget\" data-e-type=\"widget\" data-widget_type=\"heading.default\">\n\t\t\t\t\t<h2 class=\"elementor-heading-title elementor-size-default\">3. Cookies<\/h2>\t\t\t\t<\/div>\n\t\t\t\t<div class=\"elementor-element elementor-element-8dc664a elementor-widget__width-initial elementor-widget elementor-widget-text-editor\" data-id=\"8dc664a\" data-element_type=\"widget\" data-e-type=\"widget\" data-widget_type=\"text-editor.default\">\n\t\t\t\t\t\t\t\t\t<p data-start=\"885\" data-end=\"956\" class=\"translation-block\">Webbplatsen anv\u00e4nder n\u00f6dv\u00e4ndiga cookies f\u00f6r att fungera korrekt.<\/p><p data-start=\"958\" data-end=\"1109\">Valfria cookies, till exempel f\u00f6r statistik, anv\u00e4nds endast om du har gett ditt samtycke via cookiebannern. Du kan n\u00e4r som helst \u00e4ndra eller \u00e5terkalla ditt samtycke.<\/p><p data-start=\"1111\" data-end=\"1166\" class=\"translation-block\">F\u00f6r mer information, se v\u00e5r Cookiepolicy.<\/p><p data-start=\"801\" data-end=\"868\">\u00a0<\/p>\t\t\t\t\t\t\t\t<\/div>\n\t\t\t\t<div class=\"elementor-element elementor-element-0e03f12 elementor-widget__width-initial elementor-widget elementor-widget-heading\" data-id=\"0e03f12\" data-element_type=\"widget\" data-e-type=\"widget\" data-widget_type=\"heading.default\">\n\t\t\t\t\t<h2 class=\"elementor-heading-title elementor-size-default\">4. Tredjepartstj\u00e4nster<\/h2>\t\t\t\t<\/div>\n\t\t\t\t<div class=\"elementor-element elementor-element-2e6d439 elementor-widget__width-initial elementor-widget elementor-widget-text-editor\" data-id=\"2e6d439\" data-element_type=\"widget\" data-e-type=\"widget\" data-widget_type=\"text-editor.default\">\n\t\t\t\t\t\t\t\t\t<p>Denna demowebbplats delar inte medvetet personuppgifter med tredje part f\u00f6r marknadsf\u00f6ring eller annonsering.<\/p>\t\t\t\t\t\t\t\t<\/div>\n\t\t\t\t<div class=\"elementor-element elementor-element-bd5aade elementor-widget__width-initial elementor-widget elementor-widget-heading\" data-id=\"bd5aade\" data-element_type=\"widget\" data-e-type=\"widget\" data-widget_type=\"heading.default\">\n\t\t\t\t\t<h2 class=\"elementor-heading-title elementor-size-default\">5. Dina r\u00e4ttigheter<\/h2>\t\t\t\t<\/div>\n\t\t\t\t<div class=\"elementor-element elementor-element-52d676a elementor-widget__width-initial elementor-widget elementor-widget-text-editor\" data-id=\"52d676a\" data-element_type=\"widget\" data-e-type=\"widget\" data-widget_type=\"text-editor.default\">\n\t\t\t\t\t\t\t\t\t<p data-start=\"1331\" data-end=\"1365\">Enligt GDPR har du r\u00e4tt att:<\/p>\t\t\t\t\t\t\t\t<\/div>\n\t\t\t\t<div class=\"elementor-element elementor-element-03be031 elementor-widget__width-initial elementor-widget elementor-widget-text-editor\" data-id=\"03be031\" data-element_type=\"widget\" data-e-type=\"widget\" data-widget_type=\"text-editor.default\">\n\t\t\t\t\t\t\t\t\t<ul><li data-start=\"1366\" data-end=\"1404\"><p data-start=\"1368\" data-end=\"1404\">Beg\u00e4ra tillg\u00e5ng till dina personuppgifter<\/p><\/li><li data-start=\"1405\" data-end=\"1450\"><p data-start=\"1407\" data-end=\"1450\">Beg\u00e4ra r\u00e4ttelse eller radering av uppgifter<\/p><\/li><li data-start=\"1451\" data-end=\"1481\"><p data-start=\"1453\" data-end=\"1481\">\u00c5terkalla ditt samtycke n\u00e4r som helst<\/p><\/li><li data-start=\"1482\" data-end=\"1557\"><p data-start=\"1484\" data-end=\"1557\">L\u00e4mna klagom\u00e5l till Integritetsskyddsmyndigheten (IMY)<\/p><\/li><\/ul>\t\t\t\t\t\t\t\t<\/div>\n\t\t\t\t<div class=\"elementor-element elementor-element-c3abfa3 elementor-widget__width-initial elementor-widget elementor-widget-heading\" data-id=\"c3abfa3\" data-element_type=\"widget\" data-e-type=\"widget\" data-widget_type=\"heading.default\">\n\t\t\t\t\t<h2 class=\"elementor-heading-title elementor-size-default\">6. Kontakt<\/h2>\t\t\t\t<\/div>\n\t\t\t\t<div class=\"elementor-element elementor-element-2d52609 elementor-widget__width-initial elementor-widget elementor-widget-text-editor\" data-id=\"2d52609\" data-element_type=\"widget\" data-e-type=\"widget\" data-widget_type=\"text-editor.default\">\n\t\t\t\t\t\t\t\t\t<p data-start=\"1574\" data-end=\"1690\">Om du har fr\u00e5gor om denna integritetspolicy eller om hur personuppgifter behandlas, v\u00e4nligen kontakta:<br data-start=\"1657\" data-end=\"1660\" \/><strong data-start=\"1660\" data-end=\"1670\">E-post:<\/strong> privacy@northlanedigital.se<\/p>\t\t\t\t\t\t\t\t<\/div>\n\t\t\t\t\t<\/div>\n\t\t\t\t<\/div>\n\t\t\t\t<\/div>\n\t\t\t\t<\/div>","protected":false},"excerpt":{"rendered":"<p>Privacy Policy Last updated: 21-01-2026 This Privacy Policy describes how personal data is processed on this website in accordance with [&hellip;]<\/p>\n","protected":false},"author":1,"featured_media":0,"parent":0,"menu_order":0,"comment_status":"closed","ping_status":"closed","template":"","meta":{"site-sidebar-layout":"no-sidebar","site-content-layout":"","ast-site-content-layout":"full-width-container","site-content-style":"default","site-sidebar-style":"default","ast-global-header-display":"","ast-banner-title-visibility":"","ast-main-header-display":"","ast-hfb-above-header-display":"","ast-hfb-below-header-display":"","ast-hfb-mobile-header-display":"","site-post-title":"disabled","ast-breadcrumbs-content":"","ast-featured-img":"disabled","footer-sml-layout":"","ast-disable-related-posts":"","theme-transparent-header-meta":"disabled","adv-header-id-meta":"","stick-header-meta":"","header-above-stick-meta":"","header-main-stick-meta":"","header-below-stick-meta":"","astra-migrate-meta-layouts":"default","ast-page-background-enabled":"default","ast-page-background-meta":{"desktop":{"background-color":"var(--ast-global-color-5)","background-image":"","background-repeat":"repeat","background-position":"center center","background-size":"auto","background-attachment":"scroll","background-type":"","background-media":"","overlay-type":"","overlay-color":"","overlay-opacity":"","overlay-gradient":""},"tablet":{"background-color":"","background-image":"","background-repeat":"repeat","background-position":"center center","background-size":"auto","background-attachment":"scroll","background-type":"","background-media":"","overlay-type":"","overlay-color":"","overlay-opacity":"","overlay-gradient":""},"mobile":{"background-color":"","background-image":"","background-repeat":"repeat","background-position":"center center","background-size":"auto","background-attachment":"scroll","background-type":"","background-media":"","overlay-type":"","overlay-color":"","overlay-opacity":"","overlay-gradient":""}},"ast-content-background-meta":{"desktop":{"background-color":"var(--ast-global-color-4)","background-image":"","background-repeat":"repeat","background-position":"center center","background-size":"auto","background-attachment":"scroll","background-type":"","background-media":"","overlay-type":"","overlay-color":"","overlay-opacity":"","overlay-gradient":""},"tablet":{"background-color":"var(--ast-global-color-4)","background-image":"","background-repeat":"repeat","background-position":"center center","background-size":"auto","background-attachment":"scroll","background-type":"","background-media":"","overlay-type":"","overlay-color":"","overlay-opacity":"","overlay-gradient":""},"mobile":{"background-color":"var(--ast-global-color-4)","background-image":"","background-repeat":"repeat","background-position":"center center","background-size":"auto","background-attachment":"scroll","background-type":"","background-media":"","overlay-type":"","overlay-color":"","overlay-opacity":"","overlay-gradient":""}},"footnotes":""},"class_list":["post-2825","page","type-page","status-publish","hentry"],"_links":{"self":[{"href":"https:\/\/arden.northlanedigital.se\/sv\/wp-json\/wp\/v2\/pages\/2825","targetHints":{"allow":["GET"]}}],"collection":[{"href":"https:\/\/arden.northlanedigital.se\/sv\/wp-json\/wp\/v2\/pages"}],"about":[{"href":"https:\/\/arden.northlanedigital.se\/sv\/wp-json\/wp\/v2\/types\/page"}],"author":[{"embeddable":true,"href":"https:\/\/arden.northlanedigital.se\/sv\/wp-json\/wp\/v2\/users\/1"}],"replies":[{"embeddable":true,"href":"https:\/\/arden.northlanedigital.se\/sv\/wp-json\/wp\/v2\/comments?post=2825"}],"version-history":[{"count":77,"href":"https:\/\/arden.northlanedigital.se\/sv\/wp-json\/wp\/v2\/pages\/2825\/revisions"}],"predecessor-version":[{"id":3187,"href":"https:\/\/arden.northlanedigital.se\/sv\/wp-json\/wp\/v2\/pages\/2825\/revisions\/3187"}],"wp:attachment":[{"href":"https:\/\/arden.northlanedigital.se\/sv\/wp-json\/wp\/v2\/media?parent=2825"}],"curies":[{"name":"wp","href":"https:\/\/api.w.org\/{rel}","templated":true}]}}