{"id":2860,"date":"2025-12-23T11:31:21","date_gmt":"2025-12-23T11:31:21","guid":{"rendered":"https:\/\/arden.northlanedigital.se\/?page_id=2860"},"modified":"2026-03-14T10:39:12","modified_gmt":"2026-03-14T10:39:12","slug":"terms-conditions","status":"publish","type":"page","link":"https:\/\/arden.northlanedigital.se\/sv\/terms-conditions\/","title":{"rendered":"Allm\u00e4nna villkor"},"content":{"rendered":"<div data-elementor-type=\"wp-page\" data-elementor-id=\"2860\" class=\"elementor elementor-2860\">\n\t\t\t\t<div class=\"elementor-element elementor-element-ff6378b e-con-full e-flex e-con e-parent\" data-id=\"ff6378b\" data-element_type=\"container\" data-e-type=\"container\" data-settings=\"{&quot;background_background&quot;:&quot;classic&quot;}\">\n\t\t<div class=\"elementor-element elementor-element-26ab6d4 e-flex e-con-boxed e-con e-child\" data-id=\"26ab6d4\" data-element_type=\"container\" data-e-type=\"container\">\n\t\t\t\t\t<div class=\"e-con-inner\">\n\t\t\t\t<div class=\"elementor-element elementor-element-04f36db elementor-widget elementor-widget-heading\" data-id=\"04f36db\" data-element_type=\"widget\" data-e-type=\"widget\" data-widget_type=\"heading.default\">\n\t\t\t\t\t<h1 class=\"elementor-heading-title elementor-size-default\">Allm\u00e4nna villkor<\/h1>\t\t\t\t<\/div>\n\t\t\t\t<div class=\"elementor-element elementor-element-a76d950 elementor-widget__width-initial elementor-widget elementor-widget-text-editor\" data-id=\"a76d950\" data-element_type=\"widget\" data-e-type=\"widget\" data-widget_type=\"text-editor.default\">\n\t\t\t\t\t\t\t\t\t<p data-start=\"213\" data-end=\"244\"><strong data-start=\"213\" data-end=\"230\">Senast uppdaterad: <\/strong>26-02-2026<\/p><p data-start=\"213\" data-end=\"244\">Detta \u00e4r en demowebbplats och inneh\u00e5llet \u00e4r endast avsett f\u00f6r exempel\u00e4ndam\u00e5l.<\/p>\t\t\t\t\t\t\t\t<\/div>\n\t\t\t\t<div class=\"elementor-element elementor-element-383a005 elementor-widget__width-initial elementor-widget elementor-widget-heading\" data-id=\"383a005\" data-element_type=\"widget\" data-e-type=\"widget\" data-widget_type=\"heading.default\">\n\t\t\t\t\t<h2 class=\"elementor-heading-title elementor-size-default\">1. Introduktion<\/h2>\t\t\t\t<\/div>\n\t\t\t\t<div class=\"elementor-element elementor-element-9af31a2 elementor-widget__width-initial elementor-widget elementor-widget-text-editor\" data-id=\"9af31a2\" data-element_type=\"widget\" data-e-type=\"widget\" data-widget_type=\"text-editor.default\">\n\t\t\t\t\t\t\t\t\t<p>Dessa allm\u00e4nna villkor reglerar anv\u00e4ndningen av denna webbplats och det inneh\u00e5ll som tillhandah\u00e5lls h\u00e4r. Genom att anv\u00e4nda webbplatsen godk\u00e4nner du dessa villkor.<\/p>\t\t\t\t\t\t\t\t<\/div>\n\t\t\t\t<div class=\"elementor-element elementor-element-8ae2b7f elementor-widget__width-initial elementor-widget elementor-widget-heading\" data-id=\"8ae2b7f\" data-element_type=\"widget\" data-e-type=\"widget\" data-widget_type=\"heading.default\">\n\t\t\t\t\t<h2 class=\"elementor-heading-title elementor-size-default\">2. Tj\u00e4nster<\/h2>\t\t\t\t<\/div>\n\t\t\t\t<div class=\"elementor-element elementor-element-e71afb0 elementor-widget__width-initial elementor-widget elementor-widget-text-editor\" data-id=\"e71afb0\" data-element_type=\"widget\" data-e-type=\"widget\" data-widget_type=\"text-editor.default\">\n\t\t\t\t\t\t\t\t\t<p class=\"translation-block\">Denna webbplats \u00e4r en demowebbplats och erbjuder inga faktiska bokningar eller f\u00f6rs\u00e4ljningar. Allt inneh\u00e5ll visas i demonstrationssyfte.<\/p>\t\t\t\t\t\t\t\t<\/div>\n\t\t\t\t<div class=\"elementor-element elementor-element-35e9e69 elementor-widget__width-initial elementor-widget elementor-widget-heading\" data-id=\"35e9e69\" data-element_type=\"widget\" data-e-type=\"widget\" data-widget_type=\"heading.default\">\n\t\t\t\t\t<h2 class=\"elementor-heading-title elementor-size-default\">3. Immateriella r\u00e4ttigheter<\/h2>\t\t\t\t<\/div>\n\t\t\t\t<div class=\"elementor-element elementor-element-22834f1 elementor-widget__width-initial elementor-widget elementor-widget-text-editor\" data-id=\"22834f1\" data-element_type=\"widget\" data-e-type=\"widget\" data-widget_type=\"text-editor.default\">\n\t\t\t\t\t\t\t\t\t<p data-start=\"885\" data-end=\"956\">All text, alla bilder och alla designer p\u00e5 denna webbplats <strong data-start=\"621\" data-end=\"654\">\u00e4gs av Northland Digital<\/strong>\u00a0eller anv\u00e4nds med tillst\u00e5nd. Du f\u00e5r inte reproducera eller distribuera dem utan samtycke.<\/p>\t\t\t\t\t\t\t\t<\/div>\n\t\t\t\t<div class=\"elementor-element elementor-element-fc47aab elementor-widget__width-initial elementor-widget elementor-widget-heading\" data-id=\"fc47aab\" data-element_type=\"widget\" data-e-type=\"widget\" data-widget_type=\"heading.default\">\n\t\t\t\t\t<h2 class=\"elementor-heading-title elementor-size-default\">4. Ansvarsbegr\u00e4nsning<\/h2>\t\t\t\t<\/div>\n\t\t\t\t<div class=\"elementor-element elementor-element-10e2e2d elementor-widget__width-initial elementor-widget elementor-widget-text-editor\" data-id=\"10e2e2d\" data-element_type=\"widget\" data-e-type=\"widget\" data-widget_type=\"text-editor.default\">\n\t\t\t\t\t\t\t\t\t<p class=\"translation-block\">Webbplatsen tillhandah\u00e5lls i befintligt skick. \u00c4garen ansvarar inte f\u00f6r eventuella skador, f\u00f6rluster eller f\u00f6ljder som kan uppst\u00e5 genom anv\u00e4ndning av denna demowebbplats.<\/p>\t\t\t\t\t\t\t\t<\/div>\n\t\t\t\t<div class=\"elementor-element elementor-element-d64fe41 elementor-widget__width-initial elementor-widget elementor-widget-heading\" data-id=\"d64fe41\" data-element_type=\"widget\" data-e-type=\"widget\" data-widget_type=\"heading.default\">\n\t\t\t\t\t<h2 class=\"elementor-heading-title elementor-size-default\">5. \u00c4ndringar<\/h2>\t\t\t\t<\/div>\n\t\t\t\t<div class=\"elementor-element elementor-element-1d64d60 elementor-widget__width-initial elementor-widget elementor-widget-text-editor\" data-id=\"1d64d60\" data-element_type=\"widget\" data-e-type=\"widget\" data-widget_type=\"text-editor.default\">\n\t\t\t\t\t\t\t\t\t<p>Dessa villkor kan komma att uppdateras. F\u00f6r en skarp kundwebbplats ska aktuella villkor tillhandah\u00e5llas och kommuniceras tydligt.<\/p>\t\t\t\t\t\t\t\t<\/div>\n\t\t\t\t<div class=\"elementor-element elementor-element-7745c1f elementor-widget__width-initial elementor-widget elementor-widget-heading\" data-id=\"7745c1f\" data-element_type=\"widget\" data-e-type=\"widget\" data-widget_type=\"heading.default\">\n\t\t\t\t\t<h2 class=\"elementor-heading-title elementor-size-default\">6. Kontakt<\/h2>\t\t\t\t<\/div>\n\t\t\t\t<div class=\"elementor-element elementor-element-ed33621 elementor-widget__width-initial elementor-widget elementor-widget-text-editor\" data-id=\"ed33621\" data-element_type=\"widget\" data-e-type=\"widget\" data-widget_type=\"text-editor.default\">\n\t\t\t\t\t\t\t\t\t<p data-start=\"1574\" data-end=\"1690\">For questions regarding these Terms, contact:<br data-start=\"1108\" data-end=\"1111\" \/><strong data-start=\"1111\" data-end=\"1121\">E-post:<\/strong> <a href=\"mailto:contact@northlanedigital.se\"><span style=\"text-decoration: underline;\">contact@northlanedigital.se<\/span><\/a><\/p>\t\t\t\t\t\t\t\t<\/div>\n\t\t\t\t\t<\/div>\n\t\t\t\t<\/div>\n\t\t\t\t<\/div>\n\t\t\t\t<\/div>","protected":false},"excerpt":{"rendered":"<p>Terms &amp; Conditions Last updated: 26-02-2026 This is a demo website and the content is for example purposes only. 1. [&hellip;]<\/p>\n","protected":false},"author":1,"featured_media":0,"parent":0,"menu_order":0,"comment_status":"closed","ping_status":"closed","template":"","meta":{"site-sidebar-layout":"no-sidebar","site-content-layout":"","ast-site-content-layout":"full-width-container","site-content-style":"default","site-sidebar-style":"default","ast-global-header-display":"","ast-banner-title-visibility":"","ast-main-header-display":"","ast-hfb-above-header-display":"","ast-hfb-below-header-display":"","ast-hfb-mobile-header-display":"","site-post-title":"disabled","ast-breadcrumbs-content":"","ast-featured-img":"disabled","footer-sml-layout":"","ast-disable-related-posts":"","theme-transparent-header-meta":"disabled","adv-header-id-meta":"","stick-header-meta":"","header-above-stick-meta":"","header-main-stick-meta":"","header-below-stick-meta":"","astra-migrate-meta-layouts":"default","ast-page-background-enabled":"default","ast-page-background-meta":{"desktop":{"background-color":"var(--ast-global-color-5)","background-image":"","background-repeat":"repeat","background-position":"center center","background-size":"auto","background-attachment":"scroll","background-type":"","background-media":"","overlay-type":"","overlay-color":"","overlay-opacity":"","overlay-gradient":""},"tablet":{"background-color":"","background-image":"","background-repeat":"repeat","background-position":"center center","background-size":"auto","background-attachment":"scroll","background-type":"","background-media":"","overlay-type":"","overlay-color":"","overlay-opacity":"","overlay-gradient":""},"mobile":{"background-color":"","background-image":"","background-repeat":"repeat","background-position":"center center","background-size":"auto","background-attachment":"scroll","background-type":"","background-media":"","overlay-type":"","overlay-color":"","overlay-opacity":"","overlay-gradient":""}},"ast-content-background-meta":{"desktop":{"background-color":"var(--ast-global-color-4)","background-image":"","background-repeat":"repeat","background-position":"center center","background-size":"auto","background-attachment":"scroll","background-type":"","background-media":"","overlay-type":"","overlay-color":"","overlay-opacity":"","overlay-gradient":""},"tablet":{"background-color":"var(--ast-global-color-4)","background-image":"","background-repeat":"repeat","background-position":"center center","background-size":"auto","background-attachment":"scroll","background-type":"","background-media":"","overlay-type":"","overlay-color":"","overlay-opacity":"","overlay-gradient":""},"mobile":{"background-color":"var(--ast-global-color-4)","background-image":"","background-repeat":"repeat","background-position":"center center","background-size":"auto","background-attachment":"scroll","background-type":"","background-media":"","overlay-type":"","overlay-color":"","overlay-opacity":"","overlay-gradient":""}},"footnotes":""},"class_list":["post-2860","page","type-page","status-publish","hentry"],"_links":{"self":[{"href":"https:\/\/arden.northlanedigital.se\/sv\/wp-json\/wp\/v2\/pages\/2860","targetHints":{"allow":["GET"]}}],"collection":[{"href":"https:\/\/arden.northlanedigital.se\/sv\/wp-json\/wp\/v2\/pages"}],"about":[{"href":"https:\/\/arden.northlanedigital.se\/sv\/wp-json\/wp\/v2\/types\/page"}],"author":[{"embeddable":true,"href":"https:\/\/arden.northlanedigital.se\/sv\/wp-json\/wp\/v2\/users\/1"}],"replies":[{"embeddable":true,"href":"https:\/\/arden.northlanedigital.se\/sv\/wp-json\/wp\/v2\/comments?post=2860"}],"version-history":[{"count":80,"href":"https:\/\/arden.northlanedigital.se\/sv\/wp-json\/wp\/v2\/pages\/2860\/revisions"}],"predecessor-version":[{"id":3271,"href":"https:\/\/arden.northlanedigital.se\/sv\/wp-json\/wp\/v2\/pages\/2860\/revisions\/3271"}],"wp:attachment":[{"href":"https:\/\/arden.northlanedigital.se\/sv\/wp-json\/wp\/v2\/media?parent=2860"}],"curies":[{"name":"wp","href":"https:\/\/api.w.org\/{rel}","templated":true}]}}